{"id":11547,"date":"2025-11-13T08:07:13","date_gmt":"2025-11-13T08:07:13","guid":{"rendered":"https:\/\/piececool.world\/uk\/?post_type=product&#038;p=11547"},"modified":"2026-02-16T08:57:57","modified_gmt":"2026-02-16T08:57:57","slug":"la-sagrada-familia","status":"publish","type":"product","link":"https:\/\/piececool.world\/uk\/product\/la-sagrada-familia\/","title":{"rendered":"La Sagrada Fam\u00edlia"},"content":{"rendered":"<p>The Bas\u00edlica de la Sagrada Fam\u00edlia, commonly known as the Sagrada Fam\u00edlia, is a Catholic church located in Barcelona, the capital of Catalonia, Spain. It is the largest unfinished Catholic church in the world and was designed by Catalan architect Antoni Gaud\u00ed. Its towering and distinctive architectural design has made it the most iconic landmark in Barcelona and a major tourist attraction. The basilica is also part of the UNESCO World Heritage Site \u201cWorks of Antoni Gaud\u00ed.\u201d<\/p>\n","protected":false},"excerpt":{"rendered":"<p>The Bas\u00edlica de la Sagrada Fam\u00edlia, commonly known as the Sagrada Fam\u00edlia, is a Catholic church located in Barcelona, the capital of Catalonia, Spain. It is the largest unfinished Catholic church in the world and was designed by Catalan architect Antoni Gaud\u00ed. Its towering and distinctive architectural design has made it the most iconic landmark [&hellip;]<\/p>\n","protected":false},"featured_media":11616,"comment_status":"open","ping_status":"closed","template":"","meta":{"site-sidebar-layout":"default","site-content-layout":"","ast-site-content-layout":"default","site-content-style":"default","site-sidebar-style":"default","ast-global-header-display":"","ast-banner-title-visibility":"","ast-main-header-display":"","ast-hfb-above-header-display":"","ast-hfb-below-header-display":"","ast-hfb-mobile-header-display":"","site-post-title":"","ast-breadcrumbs-content":"","ast-featured-img":"","footer-sml-layout":"","theme-transparent-header-meta":"default","adv-header-id-meta":"","stick-header-meta":"default","header-above-stick-meta":"","header-main-stick-meta":"","header-below-stick-meta":"","astra-migrate-meta-layouts":"set","ast-page-background-enabled":"default","ast-page-background-meta":{"desktop":{"background-color":"","background-image":"","background-repeat":"repeat","background-position":"center center","background-size":"auto","background-attachment":"scroll","background-type":"","background-media":"","overlay-type":"","overlay-color":"","overlay-opacity":"","overlay-gradient":""},"tablet":{"background-color":"","background-image":"","background-repeat":"repeat","background-position":"center center","background-size":"auto","background-attachment":"scroll","background-type":"","background-media":"","overlay-type":"","overlay-color":"","overlay-opacity":"","overlay-gradient":""},"mobile":{"background-color":"","background-image":"","background-repeat":"repeat","background-position":"center center","background-size":"auto","background-attachment":"scroll","background-type":"","background-media":"","overlay-type":"","overlay-color":"","overlay-opacity":"","overlay-gradient":""}},"ast-content-background-meta":{"desktop":{"background-color":"var(--ast-global-color-5)","background-image":"","background-repeat":"repeat","background-position":"center center","background-size":"auto","background-attachment":"scroll","background-type":"","background-media":"","overlay-type":"","overlay-color":"","overlay-opacity":"","overlay-gradient":""},"tablet":{"background-color":"var(--ast-global-color-5)","background-image":"","background-repeat":"repeat","background-position":"center center","background-size":"auto","background-attachment":"scroll","background-type":"","background-media":"","overlay-type":"","overlay-color":"","overlay-opacity":"","overlay-gradient":""},"mobile":{"background-color":"var(--ast-global-color-5)","background-image":"","background-repeat":"repeat","background-position":"center center","background-size":"auto","background-attachment":"scroll","background-type":"","background-media":"","overlay-type":"","overlay-color":"","overlay-opacity":"","overlay-gradient":""}}},"product_brand":[],"product_cat":[1033,50],"product_tag":[945],"class_list":{"0":"post-11547","1":"product","2":"type-product","3":"status-publish","4":"has-post-thumbnail","6":"product_cat-new-arrivals","7":"product_cat-landmark","8":"product_tag-uk-stock","9":"desktop-align-left","10":"tablet-align-left","11":"mobile-align-left","13":"first","14":"instock","15":"taxable","16":"shipping-taxable","17":"purchasable","18":"product-type-simple"},"bundled_by":[],"bundle_stock_status":"instock","bundle_stock_quantity":3,"bundle_virtual":false,"bundle_layout":"","bundle_add_to_cart_form_location":"","bundle_editable_in_cart":false,"bundle_sold_individually_context":"","bundle_item_grouping":"","bundle_min_size":"","bundle_max_size":"","bundled_items":[],"bundle_sell_ids":[],"yoast_head":"<!-- This site is optimized with the Yoast SEO plugin v25.4 - https:\/\/yoast.com\/wordpress\/plugins\/seo\/ -->\n<title>piececool La Sagrada Fam\u00edlia  - Metal model kits<\/title>\n<meta name=\"description\" content=\"piececool La Sagrada Fam\u00edlia - - .\" \/>\n<meta name=\"robots\" content=\"index, follow, max-snippet:-1, max-image-preview:large, max-video-preview:-1\" \/>\n<link rel=\"canonical\" href=\"https:\/\/piececool.world\/uk\/product\/la-sagrada-familia\/\" \/>\n<meta property=\"og:locale\" content=\"en_GB\" \/>\n<meta property=\"og:type\" content=\"article\" \/>\n<meta property=\"og:title\" content=\"piececool La Sagrada Fam\u00edlia  - Metal model kits\" \/>\n<meta property=\"og:description\" content=\"piececool La Sagrada Fam\u00edlia - - .\" \/>\n<meta property=\"og:url\" content=\"https:\/\/piececool.world\/uk\/product\/la-sagrada-familia\/\" \/>\n<meta property=\"og:site_name\" content=\"Piececool UK\" \/>\n<meta property=\"article:publisher\" content=\"https:\/\/www.facebook.com\/piececooluk\/\" \/>\n<meta property=\"article:modified_time\" content=\"2026-02-16T08:57:57+00:00\" \/>\n<meta property=\"og:image\" content=\"https:\/\/piececool.world\/uk\/wp-content\/uploads\/sites\/9\/2025\/11\/HP360-WS-La-Sagrada-Familia_1.jpg\" \/>\n\t<meta property=\"og:image:width\" content=\"1500\" \/>\n\t<meta property=\"og:image:height\" content=\"1500\" \/>\n\t<meta property=\"og:image:type\" content=\"image\/jpeg\" \/>\n<meta name=\"twitter:card\" content=\"summary_large_image\" \/>\n<meta name=\"twitter:label1\" content=\"Estimated reading time\" \/>\n\t<meta name=\"twitter:data1\" content=\"1 minute\" \/>\n<script type=\"application\/ld+json\" class=\"yoast-schema-graph\">{\"@context\":\"https:\/\/schema.org\",\"@graph\":[{\"@type\":[\"WebPage\",\"ItemPage\"],\"@id\":\"https:\/\/piececool.world\/uk\/product\/la-sagrada-familia\/\",\"url\":\"https:\/\/piececool.world\/uk\/product\/la-sagrada-familia\/\",\"name\":\"piececool La Sagrada Fam\u00edlia - Metal model kits\",\"isPartOf\":{\"@id\":\"https:\/\/piececool.world\/uk\/#website\"},\"primaryImageOfPage\":{\"@id\":\"https:\/\/piececool.world\/uk\/product\/la-sagrada-familia\/#primaryimage\"},\"image\":{\"@id\":\"https:\/\/piececool.world\/uk\/product\/la-sagrada-familia\/#primaryimage\"},\"thumbnailUrl\":\"https:\/\/piececool.world\/uk\/wp-content\/uploads\/sites\/9\/2025\/11\/HP360-WS-La-Sagrada-Familia_1.jpg\",\"datePublished\":\"2025-11-13T08:07:13+00:00\",\"dateModified\":\"2026-02-16T08:57:57+00:00\",\"description\":\"piececool La Sagrada Fam\u00edlia - - .\",\"breadcrumb\":{\"@id\":\"https:\/\/piececool.world\/uk\/product\/la-sagrada-familia\/#breadcrumb\"},\"inLanguage\":\"en-GB\",\"potentialAction\":[{\"@type\":\"ReadAction\",\"target\":[\"https:\/\/piececool.world\/uk\/product\/la-sagrada-familia\/\"]}]},{\"@type\":\"ImageObject\",\"inLanguage\":\"en-GB\",\"@id\":\"https:\/\/piececool.world\/uk\/product\/la-sagrada-familia\/#primaryimage\",\"url\":\"https:\/\/piececool.world\/uk\/wp-content\/uploads\/sites\/9\/2025\/11\/HP360-WS-La-Sagrada-Familia_1.jpg\",\"contentUrl\":\"https:\/\/piececool.world\/uk\/wp-content\/uploads\/sites\/9\/2025\/11\/HP360-WS-La-Sagrada-Familia_1.jpg\",\"width\":1500,\"height\":1500},{\"@type\":\"BreadcrumbList\",\"@id\":\"https:\/\/piececool.world\/uk\/product\/la-sagrada-familia\/#breadcrumb\",\"itemListElement\":[{\"@type\":\"ListItem\",\"position\":1,\"name\":\"Home\",\"item\":\"https:\/\/piececool.world\/uk\/\"},{\"@type\":\"ListItem\",\"position\":2,\"name\":\"Shop\",\"item\":\"https:\/\/piececool.world\/uk\/shop-2\/\"},{\"@type\":\"ListItem\",\"position\":3,\"name\":\"La Sagrada Fam\u00edlia\"}]},{\"@type\":\"WebSite\",\"@id\":\"https:\/\/piececool.world\/uk\/#website\",\"url\":\"https:\/\/piececool.world\/uk\/\",\"name\":\"Piececool UK\",\"description\":\"Metal model kits, 3D puzzles\",\"publisher\":{\"@id\":\"https:\/\/piececool.world\/uk\/#organization\"},\"potentialAction\":[{\"@type\":\"SearchAction\",\"target\":{\"@type\":\"EntryPoint\",\"urlTemplate\":\"https:\/\/piececool.world\/uk\/?s={search_term_string}\"},\"query-input\":{\"@type\":\"PropertyValueSpecification\",\"valueRequired\":true,\"valueName\":\"search_term_string\"}}],\"inLanguage\":\"en-GB\"},{\"@type\":\"Organization\",\"@id\":\"https:\/\/piececool.world\/uk\/#organization\",\"name\":\"Piececool UK\",\"url\":\"https:\/\/piececool.world\/uk\/\",\"logo\":{\"@type\":\"ImageObject\",\"inLanguage\":\"en-GB\",\"@id\":\"https:\/\/piececool.world\/uk\/#\/schema\/logo\/image\/\",\"url\":\"https:\/\/piececool.world\/uk\/wp-content\/uploads\/sites\/9\/2020\/03\/site-logo@2x-white-free-img-1.png\",\"contentUrl\":\"https:\/\/piececool.world\/uk\/wp-content\/uploads\/sites\/9\/2020\/03\/site-logo@2x-white-free-img-1.png\",\"width\":600,\"height\":120,\"caption\":\"Piececool UK\"},\"image\":{\"@id\":\"https:\/\/piececool.world\/uk\/#\/schema\/logo\/image\/\"},\"sameAs\":[\"https:\/\/www.facebook.com\/piececooluk\/\"]}]}<\/script>\n<!-- \/ Yoast SEO plugin. -->","yoast_head_json":{"title":"piececool La Sagrada Fam\u00edlia  - Metal model kits","description":"piececool La Sagrada Fam\u00edlia - - .","robots":{"index":"index","follow":"follow","max-snippet":"max-snippet:-1","max-image-preview":"max-image-preview:large","max-video-preview":"max-video-preview:-1"},"canonical":"https:\/\/piececool.world\/uk\/product\/la-sagrada-familia\/","og_locale":"en_GB","og_type":"article","og_title":"piececool La Sagrada Fam\u00edlia  - Metal model kits","og_description":"piececool La Sagrada Fam\u00edlia - - .","og_url":"https:\/\/piececool.world\/uk\/product\/la-sagrada-familia\/","og_site_name":"Piececool UK","article_publisher":"https:\/\/www.facebook.com\/piececooluk\/","article_modified_time":"2026-02-16T08:57:57+00:00","og_image":[{"width":1500,"height":1500,"url":"https:\/\/piececool.world\/uk\/wp-content\/uploads\/sites\/9\/2025\/11\/HP360-WS-La-Sagrada-Familia_1.jpg","type":"image\/jpeg"}],"twitter_card":"summary_large_image","twitter_misc":{"Estimated reading time":"1 minute"},"schema":{"@context":"https:\/\/schema.org","@graph":[{"@type":["WebPage","ItemPage"],"@id":"https:\/\/piececool.world\/uk\/product\/la-sagrada-familia\/","url":"https:\/\/piececool.world\/uk\/product\/la-sagrada-familia\/","name":"piececool La Sagrada Fam\u00edlia - Metal model kits","isPartOf":{"@id":"https:\/\/piececool.world\/uk\/#website"},"primaryImageOfPage":{"@id":"https:\/\/piececool.world\/uk\/product\/la-sagrada-familia\/#primaryimage"},"image":{"@id":"https:\/\/piececool.world\/uk\/product\/la-sagrada-familia\/#primaryimage"},"thumbnailUrl":"https:\/\/piececool.world\/uk\/wp-content\/uploads\/sites\/9\/2025\/11\/HP360-WS-La-Sagrada-Familia_1.jpg","datePublished":"2025-11-13T08:07:13+00:00","dateModified":"2026-02-16T08:57:57+00:00","description":"piececool La Sagrada Fam\u00edlia - - .","breadcrumb":{"@id":"https:\/\/piececool.world\/uk\/product\/la-sagrada-familia\/#breadcrumb"},"inLanguage":"en-GB","potentialAction":[{"@type":"ReadAction","target":["https:\/\/piececool.world\/uk\/product\/la-sagrada-familia\/"]}]},{"@type":"ImageObject","inLanguage":"en-GB","@id":"https:\/\/piececool.world\/uk\/product\/la-sagrada-familia\/#primaryimage","url":"https:\/\/piececool.world\/uk\/wp-content\/uploads\/sites\/9\/2025\/11\/HP360-WS-La-Sagrada-Familia_1.jpg","contentUrl":"https:\/\/piececool.world\/uk\/wp-content\/uploads\/sites\/9\/2025\/11\/HP360-WS-La-Sagrada-Familia_1.jpg","width":1500,"height":1500},{"@type":"BreadcrumbList","@id":"https:\/\/piececool.world\/uk\/product\/la-sagrada-familia\/#breadcrumb","itemListElement":[{"@type":"ListItem","position":1,"name":"Home","item":"https:\/\/piececool.world\/uk\/"},{"@type":"ListItem","position":2,"name":"Shop","item":"https:\/\/piececool.world\/uk\/shop-2\/"},{"@type":"ListItem","position":3,"name":"La Sagrada Fam\u00edlia"}]},{"@type":"WebSite","@id":"https:\/\/piececool.world\/uk\/#website","url":"https:\/\/piececool.world\/uk\/","name":"Piececool UK","description":"Metal model kits, 3D puzzles","publisher":{"@id":"https:\/\/piececool.world\/uk\/#organization"},"potentialAction":[{"@type":"SearchAction","target":{"@type":"EntryPoint","urlTemplate":"https:\/\/piececool.world\/uk\/?s={search_term_string}"},"query-input":{"@type":"PropertyValueSpecification","valueRequired":true,"valueName":"search_term_string"}}],"inLanguage":"en-GB"},{"@type":"Organization","@id":"https:\/\/piececool.world\/uk\/#organization","name":"Piececool UK","url":"https:\/\/piececool.world\/uk\/","logo":{"@type":"ImageObject","inLanguage":"en-GB","@id":"https:\/\/piececool.world\/uk\/#\/schema\/logo\/image\/","url":"https:\/\/piececool.world\/uk\/wp-content\/uploads\/sites\/9\/2020\/03\/site-logo@2x-white-free-img-1.png","contentUrl":"https:\/\/piececool.world\/uk\/wp-content\/uploads\/sites\/9\/2020\/03\/site-logo@2x-white-free-img-1.png","width":600,"height":120,"caption":"Piececool UK"},"image":{"@id":"https:\/\/piececool.world\/uk\/#\/schema\/logo\/image\/"},"sameAs":["https:\/\/www.facebook.com\/piececooluk\/"]}]}},"_links":{"self":[{"href":"https:\/\/piececool.world\/uk\/wp-json\/wp\/v2\/product\/11547","targetHints":{"allow":["GET"]}}],"collection":[{"href":"https:\/\/piececool.world\/uk\/wp-json\/wp\/v2\/product"}],"about":[{"href":"https:\/\/piececool.world\/uk\/wp-json\/wp\/v2\/types\/product"}],"replies":[{"embeddable":true,"href":"https:\/\/piececool.world\/uk\/wp-json\/wp\/v2\/comments?post=11547"}],"wp:featuredmedia":[{"embeddable":true,"href":"https:\/\/piececool.world\/uk\/wp-json\/wp\/v2\/media\/11616"}],"wp:attachment":[{"href":"https:\/\/piececool.world\/uk\/wp-json\/wp\/v2\/media?parent=11547"}],"wp:term":[{"taxonomy":"product_brand","embeddable":true,"href":"https:\/\/piececool.world\/uk\/wp-json\/wp\/v2\/product_brand?post=11547"},{"taxonomy":"product_cat","embeddable":true,"href":"https:\/\/piececool.world\/uk\/wp-json\/wp\/v2\/product_cat?post=11547"},{"taxonomy":"product_tag","embeddable":true,"href":"https:\/\/piececool.world\/uk\/wp-json\/wp\/v2\/product_tag?post=11547"}],"curies":[{"name":"wp","href":"https:\/\/api.w.org\/{rel}","templated":true}]}}